{"id":44,"date":"2021-10-05T11:10:40","date_gmt":"2021-10-05T11:10:40","guid":{"rendered":"https:\/\/prohoutskar.fi\/?page_id=44"},"modified":"2021-12-16T10:07:17","modified_gmt":"2021-12-16T10:07:17","slug":"evenemang","status":"publish","type":"page","link":"https:\/\/prohoutskar.fi\/fi\/evenemang\/","title":{"rendered":"Tilaisuudet"},"content":{"rendered":"","protected":false},"excerpt":{"rendered":"","protected":false},"author":1,"featured_media":0,"parent":0,"menu_order":0,"comment_status":"closed","ping_status":"closed","template":"","meta":{"_acf_changed":false,"_seopress_robots_primary_cat":"","_seopress_titles_title":"%%post_title%% %%sep%% %%sitetitle%% %%sep%% %%tagline%%","_seopress_titles_desc":"F\u00f6reningen erbjuder alla som bor, lever och verkar i Houtsk\u00e4r ett forum f\u00f6r samarbete och delaktighet. Vi arrangerar evenemang som vi hoppas passar m\u00f6jligast m\u00e5nga!","_seopress_robots_index":"","uix_meta_title":"","uix_meta_description":"","uix_canonical_url":"","footnotes":""},"rightplace-folders":[],"page-categories":[],"hf_cat_page":[],"class_list":["post-44","page","type-page","status-publish","hentry"],"acf":[],"_links":{"self":[{"href":"https:\/\/prohoutskar.fi\/fi\/wp-json\/wp\/v2\/pages\/44","targetHints":{"allow":["GET"]}}],"collection":[{"href":"https:\/\/prohoutskar.fi\/fi\/wp-json\/wp\/v2\/pages"}],"about":[{"href":"https:\/\/prohoutskar.fi\/fi\/wp-json\/wp\/v2\/types\/page"}],"author":[{"embeddable":true,"href":"https:\/\/prohoutskar.fi\/fi\/wp-json\/wp\/v2\/users\/1"}],"replies":[{"embeddable":true,"href":"https:\/\/prohoutskar.fi\/fi\/wp-json\/wp\/v2\/comments?post=44"}],"version-history":[{"count":0,"href":"https:\/\/prohoutskar.fi\/fi\/wp-json\/wp\/v2\/pages\/44\/revisions"}],"wp:attachment":[{"href":"https:\/\/prohoutskar.fi\/fi\/wp-json\/wp\/v2\/media?parent=44"}],"wp:term":[{"taxonomy":"rightplace_folder","embeddable":true,"href":"https:\/\/prohoutskar.fi\/fi\/wp-json\/wp\/v2\/rightplace-folders?post=44"},{"taxonomy":"rightplace_page_category","embeddable":true,"href":"https:\/\/prohoutskar.fi\/fi\/wp-json\/wp\/v2\/page-categories?post=44"},{"taxonomy":"hf_cat_page","embeddable":true,"href":"https:\/\/prohoutskar.fi\/fi\/wp-json\/wp\/v2\/hf_cat_page?post=44"}],"curies":[{"name":"wp","href":"https:\/\/api.w.org\/{rel}","templated":true}]}}